{"id":316,"date":"2023-04-26T16:23:41","date_gmt":"2023-04-26T14:23:41","guid":{"rendered":"https:\/\/www.jula-atelier.com\/index.php\/produit\/carte-cadeau\/"},"modified":"2023-06-23T15:42:40","modified_gmt":"2023-06-23T13:42:40","slug":"carte-cadeau","status":"publish","type":"product","link":"https:\/\/www.jula-atelier.com\/index.php\/produit\/carte-cadeau\/","title":{"rendered":"e-Carte Cadeau"},"content":{"rendered":"","protected":false},"excerpt":{"rendered":"<p>Offrez un cadeau unique<\/p>\n","protected":false},"featured_media":330,"template":"","meta":{"om_disable_all_campaigns":false,"_monsterinsights_skip_tracking":false,"_monsterinsights_sitenote_active":false,"_monsterinsights_sitenote_note":"","_monsterinsights_sitenote_category":0,"site-sidebar-layout":"default","site-content-layout":"default","ast-global-header-display":"","ast-main-header-display":"","ast-hfb-above-header-display":"","ast-hfb-below-header-display":"","ast-hfb-mobile-header-display":"","site-post-title":"","ast-breadcrumbs-content":"disabled","ast-featured-img":"","footer-sml-layout":"","theme-transparent-header-meta":"default","adv-header-id-meta":"","stick-header-meta":"","header-above-stick-meta":"","header-main-stick-meta":"","header-below-stick-meta":""},"product_cat":[29],"product_tag":[31,30],"class_list":["post-316","product","type-product","status-publish","has-post-thumbnail","hentry","product_cat-carte-cadeau","product_tag-cadeau","product_tag-carte-cadeau","desktop-align-left","tablet-align-left","mobile-align-left"],"yoast_head":"<!-- This site is optimized with the Yoast SEO plugin v20.8 - https:\/\/yoast.com\/wordpress\/plugins\/seo\/ -->\n<title>e-Carte Cadeau - Jula Atelier<\/title>\n<meta name=\"description\" content=\"Offrez un cadeau unique avec une toile Jula Atelier | tableau textur\u00e9 et tableau abstrait sur mesure\" \/>\n<meta name=\"robots\" content=\"index, follow, max-snippet:-1, max-image-preview:large, max-video-preview:-1\" \/>\n<link rel=\"canonical\" href=\"https:\/\/www.jula-atelier.com\/index.php\/produit\/carte-cadeau\/\" \/>\n<meta property=\"og:locale\" content=\"fr_FR\" \/>\n<meta property=\"og:type\" content=\"article\" \/>\n<meta property=\"og:title\" content=\"e-Carte Cadeau - Jula Atelier\" \/>\n<meta property=\"og:description\" content=\"Offrez un cadeau unique avec une toile Jula Atelier | tableau textur\u00e9 et tableau abstrait sur mesure\" \/>\n<meta property=\"og:url\" content=\"https:\/\/www.jula-atelier.com\/index.php\/produit\/carte-cadeau\/\" \/>\n<meta property=\"og:site_name\" content=\"Jula Atelier\" \/>\n<meta property=\"article:modified_time\" content=\"2023-06-23T13:42:40+00:00\" \/>\n<meta property=\"og:image\" content=\"http:\/\/www.jula-atelier.com\/wp-content\/uploads\/2023\/04\/certificat-4.jpg\" \/>\n\t<meta property=\"og:image:width\" content=\"1080\" \/>\n\t<meta property=\"og:image:height\" content=\"1080\" \/>\n\t<meta property=\"og:image:type\" content=\"image\/jpeg\" \/>\n<meta name=\"twitter:card\" content=\"summary_large_image\" \/>\n<script type=\"application\/ld+json\" class=\"yoast-schema-graph\">{\"@context\":\"https:\/\/schema.org\",\"@graph\":[{\"@type\":\"WebPage\",\"@id\":\"https:\/\/www.jula-atelier.com\/index.php\/produit\/carte-cadeau\/\",\"url\":\"https:\/\/www.jula-atelier.com\/index.php\/produit\/carte-cadeau\/\",\"name\":\"e-Carte Cadeau - Jula Atelier\",\"isPartOf\":{\"@id\":\"https:\/\/www.jula-atelier.com\/#website\"},\"datePublished\":\"2023-04-26T14:23:41+00:00\",\"dateModified\":\"2023-06-23T13:42:40+00:00\",\"description\":\"Offrez un cadeau unique avec une toile Jula Atelier | tableau textur\u00e9 et tableau abstrait sur mesure\",\"breadcrumb\":{\"@id\":\"https:\/\/www.jula-atelier.com\/index.php\/produit\/carte-cadeau\/#breadcrumb\"},\"inLanguage\":\"fr-FR\",\"potentialAction\":[{\"@type\":\"ReadAction\",\"target\":[\"https:\/\/www.jula-atelier.com\/index.php\/produit\/carte-cadeau\/\"]}]},{\"@type\":\"BreadcrumbList\",\"@id\":\"https:\/\/www.jula-atelier.com\/index.php\/produit\/carte-cadeau\/#breadcrumb\",\"itemListElement\":[{\"@type\":\"ListItem\",\"position\":1,\"name\":\"Accueil\",\"item\":\"https:\/\/www.jula-atelier.com\/\"},{\"@type\":\"ListItem\",\"position\":2,\"name\":\"Boutique\",\"item\":\"https:\/\/www.jula-atelier.com\/index.php\/boutique\/\"},{\"@type\":\"ListItem\",\"position\":3,\"name\":\"e-Carte Cadeau\"}]},{\"@type\":\"WebSite\",\"@id\":\"https:\/\/www.jula-atelier.com\/#website\",\"url\":\"https:\/\/www.jula-atelier.com\/\",\"name\":\"Jula Atelier\",\"description\":\"Inspir\u00e9 de l&#039;ext\u00e9rieur pour d\u00e9corer votre int\u00e9rieur\",\"publisher\":{\"@id\":\"https:\/\/www.jula-atelier.com\/#organization\"},\"potentialAction\":[{\"@type\":\"SearchAction\",\"target\":{\"@type\":\"EntryPoint\",\"urlTemplate\":\"https:\/\/www.jula-atelier.com\/?s={search_term_string}\"},\"query-input\":\"required name=search_term_string\"}],\"inLanguage\":\"fr-FR\"},{\"@type\":\"Organization\",\"@id\":\"https:\/\/www.jula-atelier.com\/#organization\",\"name\":\"Jula Atelier\",\"url\":\"https:\/\/www.jula-atelier.com\/\",\"logo\":{\"@type\":\"ImageObject\",\"inLanguage\":\"fr-FR\",\"@id\":\"https:\/\/www.jula-atelier.com\/#\/schema\/logo\/image\/\",\"url\":\"https:\/\/www.jula-atelier.com\/wp-content\/uploads\/2023\/04\/cropped-My-project-copier-2.png\",\"contentUrl\":\"https:\/\/www.jula-atelier.com\/wp-content\/uploads\/2023\/04\/cropped-My-project-copier-2.png\",\"width\":1080,\"height\":549,\"caption\":\"Jula Atelier\"},\"image\":{\"@id\":\"https:\/\/www.jula-atelier.com\/#\/schema\/logo\/image\/\"}}]}<\/script>\n<!-- \/ Yoast SEO plugin. -->","yoast_head_json":{"title":"e-Carte Cadeau - Jula Atelier","description":"Offrez un cadeau unique avec une toile Jula Atelier | tableau textur\u00e9 et tableau abstrait sur mesure","robots":{"index":"index","follow":"follow","max-snippet":"max-snippet:-1","max-image-preview":"max-image-preview:large","max-video-preview":"max-video-preview:-1"},"canonical":"https:\/\/www.jula-atelier.com\/index.php\/produit\/carte-cadeau\/","og_locale":"fr_FR","og_type":"article","og_title":"e-Carte Cadeau - Jula Atelier","og_description":"Offrez un cadeau unique avec une toile Jula Atelier | tableau textur\u00e9 et tableau abstrait sur mesure","og_url":"https:\/\/www.jula-atelier.com\/index.php\/produit\/carte-cadeau\/","og_site_name":"Jula Atelier","article_modified_time":"2023-06-23T13:42:40+00:00","og_image":[{"width":1080,"height":1080,"url":"http:\/\/www.jula-atelier.com\/wp-content\/uploads\/2023\/04\/certificat-4.jpg","type":"image\/jpeg"}],"twitter_card":"summary_large_image","schema":{"@context":"https:\/\/schema.org","@graph":[{"@type":"WebPage","@id":"https:\/\/www.jula-atelier.com\/index.php\/produit\/carte-cadeau\/","url":"https:\/\/www.jula-atelier.com\/index.php\/produit\/carte-cadeau\/","name":"e-Carte Cadeau - Jula Atelier","isPartOf":{"@id":"https:\/\/www.jula-atelier.com\/#website"},"datePublished":"2023-04-26T14:23:41+00:00","dateModified":"2023-06-23T13:42:40+00:00","description":"Offrez un cadeau unique avec une toile Jula Atelier | tableau textur\u00e9 et tableau abstrait sur mesure","breadcrumb":{"@id":"https:\/\/www.jula-atelier.com\/index.php\/produit\/carte-cadeau\/#breadcrumb"},"inLanguage":"fr-FR","potentialAction":[{"@type":"ReadAction","target":["https:\/\/www.jula-atelier.com\/index.php\/produit\/carte-cadeau\/"]}]},{"@type":"BreadcrumbList","@id":"https:\/\/www.jula-atelier.com\/index.php\/produit\/carte-cadeau\/#breadcrumb","itemListElement":[{"@type":"ListItem","position":1,"name":"Accueil","item":"https:\/\/www.jula-atelier.com\/"},{"@type":"ListItem","position":2,"name":"Boutique","item":"https:\/\/www.jula-atelier.com\/index.php\/boutique\/"},{"@type":"ListItem","position":3,"name":"e-Carte Cadeau"}]},{"@type":"WebSite","@id":"https:\/\/www.jula-atelier.com\/#website","url":"https:\/\/www.jula-atelier.com\/","name":"Jula Atelier","description":"Inspir\u00e9 de l&#039;ext\u00e9rieur pour d\u00e9corer votre int\u00e9rieur","publisher":{"@id":"https:\/\/www.jula-atelier.com\/#organization"},"potentialAction":[{"@type":"SearchAction","target":{"@type":"EntryPoint","urlTemplate":"https:\/\/www.jula-atelier.com\/?s={search_term_string}"},"query-input":"required name=search_term_string"}],"inLanguage":"fr-FR"},{"@type":"Organization","@id":"https:\/\/www.jula-atelier.com\/#organization","name":"Jula Atelier","url":"https:\/\/www.jula-atelier.com\/","logo":{"@type":"ImageObject","inLanguage":"fr-FR","@id":"https:\/\/www.jula-atelier.com\/#\/schema\/logo\/image\/","url":"https:\/\/www.jula-atelier.com\/wp-content\/uploads\/2023\/04\/cropped-My-project-copier-2.png","contentUrl":"https:\/\/www.jula-atelier.com\/wp-content\/uploads\/2023\/04\/cropped-My-project-copier-2.png","width":1080,"height":549,"caption":"Jula Atelier"},"image":{"@id":"https:\/\/www.jula-atelier.com\/#\/schema\/logo\/image\/"}}]}},"_links":{"self":[{"href":"https:\/\/www.jula-atelier.com\/index.php\/wp-json\/wp\/v2\/product\/316","targetHints":{"allow":["GET"]}}],"collection":[{"href":"https:\/\/www.jula-atelier.com\/index.php\/wp-json\/wp\/v2\/product"}],"about":[{"href":"https:\/\/www.jula-atelier.com\/index.php\/wp-json\/wp\/v2\/types\/product"}],"wp:featuredmedia":[{"embeddable":true,"href":"https:\/\/www.jula-atelier.com\/index.php\/wp-json\/wp\/v2\/media\/330"}],"wp:attachment":[{"href":"https:\/\/www.jula-atelier.com\/index.php\/wp-json\/wp\/v2\/media?parent=316"}],"wp:term":[{"taxonomy":"product_cat","embeddable":true,"href":"https:\/\/www.jula-atelier.com\/index.php\/wp-json\/wp\/v2\/product_cat?post=316"},{"taxonomy":"product_tag","embeddable":true,"href":"https:\/\/www.jula-atelier.com\/index.php\/wp-json\/wp\/v2\/product_tag?post=316"}],"curies":[{"name":"wp","href":"https:\/\/api.w.org\/{rel}","templated":true}]}}