{"id":137,"date":"2023-04-21T11:37:31","date_gmt":"2023-04-21T09:37:31","guid":{"rendered":"https:\/\/www.jula-atelier.com\/?post_type=product&#038;p=137"},"modified":"2023-06-29T12:36:55","modified_gmt":"2023-06-29T10:36:55","slug":"patchwork","status":"publish","type":"product","link":"https:\/\/www.jula-atelier.com\/index.php\/produit\/patchwork\/","title":{"rendered":"Patchwork Vert"},"content":{"rendered":"<p><img loading=\"lazy\" decoding=\"async\" class=\"alignnone wp-image-41 size-medium\" src=\"http:\/\/www.jula-atelier.com\/wp-content\/uploads\/2023\/04\/My-project-copier-1-19-300x300.jpg\" alt=\"\" width=\"300\" height=\"300\" srcset=\"https:\/\/www.jula-atelier.com\/wp-content\/uploads\/2023\/04\/My-project-copier-1-19-300x300.jpg 300w, https:\/\/www.jula-atelier.com\/wp-content\/uploads\/2023\/04\/My-project-copier-1-19-100x100.jpg 100w, https:\/\/www.jula-atelier.com\/wp-content\/uploads\/2023\/04\/My-project-copier-1-19-600x600.jpg 600w, https:\/\/www.jula-atelier.com\/wp-content\/uploads\/2023\/04\/My-project-copier-1-19-1024x1024.jpg 1024w, https:\/\/www.jula-atelier.com\/wp-content\/uploads\/2023\/04\/My-project-copier-1-19-150x150.jpg 150w, https:\/\/www.jula-atelier.com\/wp-content\/uploads\/2023\/04\/My-project-copier-1-19-768x768.jpg 768w, https:\/\/www.jula-atelier.com\/wp-content\/uploads\/2023\/04\/My-project-copier-1-19.jpg 1080w\" sizes=\"auto, (max-width: 300px) 100vw, 300px\" \/><\/p>\n<p>Tableau art textur\u00e9<\/p>\n<div class=\"wpforms-container wpforms-container-full wpforms-render-modern\" id=\"wpforms-382\"><form id=\"wpforms-form-382\" class=\"wpforms-validate wpforms-form wpforms-ajax-form\" data-formid=\"382\" method=\"post\" enctype=\"multipart\/form-data\" action=\"\/index.php\/wp-json\/wp\/v2\/product\/137\" data-token=\"289c1efb526dc8701fb65a30e1179169\"><noscript class=\"wpforms-error-noscript\">Veuillez activer JavaScript dans votre navigateur pour remplir ce formulaire.<\/noscript><div class=\"wpforms-hidden\" id=\"wpforms-error-noscript\">Veuillez activer JavaScript dans votre navigateur pour remplir ce formulaire.<\/div><div class=\"wpforms-field-container\"><div id=\"wpforms-382-field_0-container\" class=\"wpforms-field wpforms-field-name\" data-field-id=\"0\"><fieldset><legend class=\"wpforms-field-label\">Name <span class=\"wpforms-required-label\" aria-hidden=\"true\">*<\/span><\/legend><div class=\"wpforms-field-row wpforms-field-medium\"><div class=\"wpforms-field-row-block wpforms-first wpforms-one-half\"><input type=\"text\" id=\"wpforms-382-field_0\" class=\"wpforms-field-name-first wpforms-field-required\" name=\"wpforms[fields][0][first]\" aria-errormessage=\"wpforms-382-field_0-error\" required><label for=\"wpforms-382-field_0\" class=\"wpforms-field-sublabel after \">Pr\u00e9nom<\/label><\/div><div class=\"wpforms-field-row-block wpforms-one-half\"><input type=\"text\" id=\"wpforms-382-field_0-last\" class=\"wpforms-field-name-last wpforms-field-required\" name=\"wpforms[fields][0][last]\" aria-errormessage=\"wpforms-382-field_0-last-error\" required><label for=\"wpforms-382-field_0-last\" class=\"wpforms-field-sublabel after \">Nom<\/label><\/div><\/div><\/fieldset><\/div><div id=\"wpforms-382-field_1-container\" class=\"wpforms-field wpforms-field-email\" data-field-id=\"1\"><label class=\"wpforms-field-label\" for=\"wpforms-382-field_1\">Email <span class=\"wpforms-required-label\" aria-hidden=\"true\">*<\/span><\/label><input type=\"email\" id=\"wpforms-382-field_1\" class=\"wpforms-field-medium wpforms-field-required\" name=\"wpforms[fields][1]\" spellcheck=\"false\" aria-errormessage=\"wpforms-382-field_1-error\" required><\/div><div id=\"wpforms-382-field_2-container\" class=\"wpforms-field wpforms-field-textarea\" data-field-id=\"2\"><label class=\"wpforms-field-label\" for=\"wpforms-382-field_2\">Comment or Message<\/label><textarea id=\"wpforms-382-field_2\" class=\"wpforms-field-medium\" name=\"wpforms[fields][2]\" aria-errormessage=\"wpforms-382-field_2-error\" ><\/textarea><\/div><\/div><!-- .wpforms-field-container --><div class=\"wpforms-submit-container\" ><input type=\"hidden\" name=\"wpforms[id]\" value=\"382\"><input type=\"hidden\" name=\"wpforms[author]\" value=\"1\"><button type=\"submit\" name=\"wpforms[submit]\" id=\"wpforms-submit-382\" class=\"wpforms-submit\" data-alt-text=\"Sending...\" data-submit-text=\"Submit\" aria-live=\"assertive\" value=\"wpforms-submit\">Submit<\/button><img loading=\"lazy\" decoding=\"async\" src=\"https:\/\/www.jula-atelier.com\/wp-content\/plugins\/wpforms-lite\/assets\/images\/submit-spin.svg\" class=\"wpforms-submit-spinner\" style=\"display: none;\" width=\"26\" height=\"26\" alt=\"Chargement en cours\"><\/div><\/form><\/div>  <!-- .wpforms-container -->\n","protected":false},"excerpt":{"rendered":"<p>Toile de peinture acrylique sur pl\u00e2tre. Chaque toile est faite \u00e0 la commande, il est donc possible que les toiles se ressemblent mais puissent avoir quelques diff\u00e9rences et irr\u00e9gularit\u00e9s, c&#8217;est ce qui fait de votre toile, une pi\u00e8ce unique.<\/p>\n<p>Vous souhaitez personnalisez Patchwork avec un autre format ou d&#8217;autres combinaisons de couleurs ? faites-nous part de votre projet avec le formulaire ci-dessous.<\/p>\n","protected":false},"featured_media":344,"template":"","meta":{"om_disable_all_campaigns":false,"_monsterinsights_skip_tracking":false,"_monsterinsights_sitenote_active":false,"_monsterinsights_sitenote_note":"","_monsterinsights_sitenote_category":0,"site-sidebar-layout":"default","site-content-layout":"default","ast-global-header-display":"","ast-main-header-display":"","ast-hfb-above-header-display":"","ast-hfb-below-header-display":"","ast-hfb-mobile-header-display":"","site-post-title":"","ast-breadcrumbs-content":"disabled","ast-featured-img":"","footer-sml-layout":"","theme-transparent-header-meta":"default","adv-header-id-meta":"","stick-header-meta":"","header-above-stick-meta":"","header-main-stick-meta":"","header-below-stick-meta":""},"product_cat":[22],"product_tag":[24],"class_list":["post-137","product","type-product","status-publish","has-post-thumbnail","hentry","product_cat-patchwork","product_tag-patchwork","desktop-align-left","tablet-align-left","mobile-align-left"],"yoast_head":"<!-- This site is optimized with the Yoast SEO plugin v20.8 - https:\/\/yoast.com\/wordpress\/plugins\/seo\/ -->\n<title>Patchwork Vert - Jula Atelier<\/title>\n<meta name=\"description\" content=\"Tableau art textur\u00e9 | Patchwork | D\u00e9coration pour votre int\u00e9rieur\" \/>\n<meta name=\"robots\" content=\"index, follow, max-snippet:-1, max-image-preview:large, max-video-preview:-1\" \/>\n<link rel=\"canonical\" href=\"https:\/\/www.jula-atelier.com\/index.php\/produit\/patchwork\/\" \/>\n<meta property=\"og:locale\" content=\"fr_FR\" \/>\n<meta property=\"og:type\" content=\"article\" \/>\n<meta property=\"og:title\" content=\"Patchwork Vert - Jula Atelier\" \/>\n<meta property=\"og:description\" content=\"Tableau art textur\u00e9 | Patchwork | D\u00e9coration pour votre int\u00e9rieur\" \/>\n<meta property=\"og:url\" content=\"https:\/\/www.jula-atelier.com\/index.php\/produit\/patchwork\/\" \/>\n<meta property=\"og:site_name\" content=\"Jula Atelier\" \/>\n<meta property=\"article:modified_time\" content=\"2023-06-29T10:36:55+00:00\" \/>\n<meta property=\"og:image\" content=\"http:\/\/www.jula-atelier.com\/wp-content\/uploads\/2023\/04\/My-project-4-4-1024x1024.jpg\" \/>\n\t<meta property=\"og:image:width\" content=\"1024\" \/>\n\t<meta property=\"og:image:height\" content=\"1024\" \/>\n\t<meta property=\"og:image:type\" content=\"image\/jpeg\" \/>\n<meta name=\"twitter:card\" content=\"summary_large_image\" \/>\n<meta name=\"twitter:label1\" content=\"Dur\u00e9e de lecture estim\u00e9e\" \/>\n\t<meta name=\"twitter:data1\" content=\"1 minute\" \/>\n<script type=\"application\/ld+json\" class=\"yoast-schema-graph\">{\"@context\":\"https:\/\/schema.org\",\"@graph\":[{\"@type\":\"WebPage\",\"@id\":\"https:\/\/www.jula-atelier.com\/index.php\/produit\/patchwork\/\",\"url\":\"https:\/\/www.jula-atelier.com\/index.php\/produit\/patchwork\/\",\"name\":\"Patchwork Vert - Jula Atelier\",\"isPartOf\":{\"@id\":\"https:\/\/www.jula-atelier.com\/#website\"},\"datePublished\":\"2023-04-21T09:37:31+00:00\",\"dateModified\":\"2023-06-29T10:36:55+00:00\",\"description\":\"Tableau art textur\u00e9 | Patchwork | D\u00e9coration pour votre int\u00e9rieur\",\"breadcrumb\":{\"@id\":\"https:\/\/www.jula-atelier.com\/index.php\/produit\/patchwork\/#breadcrumb\"},\"inLanguage\":\"fr-FR\",\"potentialAction\":[{\"@type\":\"ReadAction\",\"target\":[\"https:\/\/www.jula-atelier.com\/index.php\/produit\/patchwork\/\"]}]},{\"@type\":\"BreadcrumbList\",\"@id\":\"https:\/\/www.jula-atelier.com\/index.php\/produit\/patchwork\/#breadcrumb\",\"itemListElement\":[{\"@type\":\"ListItem\",\"position\":1,\"name\":\"Accueil\",\"item\":\"https:\/\/www.jula-atelier.com\/\"},{\"@type\":\"ListItem\",\"position\":2,\"name\":\"Boutique\",\"item\":\"https:\/\/www.jula-atelier.com\/index.php\/boutique\/\"},{\"@type\":\"ListItem\",\"position\":3,\"name\":\"Patchwork Vert\"}]},{\"@type\":\"WebSite\",\"@id\":\"https:\/\/www.jula-atelier.com\/#website\",\"url\":\"https:\/\/www.jula-atelier.com\/\",\"name\":\"Jula Atelier\",\"description\":\"Inspir\u00e9 de l&#039;ext\u00e9rieur pour d\u00e9corer votre int\u00e9rieur\",\"publisher\":{\"@id\":\"https:\/\/www.jula-atelier.com\/#organization\"},\"potentialAction\":[{\"@type\":\"SearchAction\",\"target\":{\"@type\":\"EntryPoint\",\"urlTemplate\":\"https:\/\/www.jula-atelier.com\/?s={search_term_string}\"},\"query-input\":\"required name=search_term_string\"}],\"inLanguage\":\"fr-FR\"},{\"@type\":\"Organization\",\"@id\":\"https:\/\/www.jula-atelier.com\/#organization\",\"name\":\"Jula Atelier\",\"url\":\"https:\/\/www.jula-atelier.com\/\",\"logo\":{\"@type\":\"ImageObject\",\"inLanguage\":\"fr-FR\",\"@id\":\"https:\/\/www.jula-atelier.com\/#\/schema\/logo\/image\/\",\"url\":\"https:\/\/www.jula-atelier.com\/wp-content\/uploads\/2023\/04\/cropped-My-project-copier-2.png\",\"contentUrl\":\"https:\/\/www.jula-atelier.com\/wp-content\/uploads\/2023\/04\/cropped-My-project-copier-2.png\",\"width\":1080,\"height\":549,\"caption\":\"Jula Atelier\"},\"image\":{\"@id\":\"https:\/\/www.jula-atelier.com\/#\/schema\/logo\/image\/\"}}]}<\/script>\n<!-- \/ Yoast SEO plugin. -->","yoast_head_json":{"title":"Patchwork Vert - Jula Atelier","description":"Tableau art textur\u00e9 | Patchwork | D\u00e9coration pour votre int\u00e9rieur","robots":{"index":"index","follow":"follow","max-snippet":"max-snippet:-1","max-image-preview":"max-image-preview:large","max-video-preview":"max-video-preview:-1"},"canonical":"https:\/\/www.jula-atelier.com\/index.php\/produit\/patchwork\/","og_locale":"fr_FR","og_type":"article","og_title":"Patchwork Vert - Jula Atelier","og_description":"Tableau art textur\u00e9 | Patchwork | D\u00e9coration pour votre int\u00e9rieur","og_url":"https:\/\/www.jula-atelier.com\/index.php\/produit\/patchwork\/","og_site_name":"Jula Atelier","article_modified_time":"2023-06-29T10:36:55+00:00","og_image":[{"width":1024,"height":1024,"url":"http:\/\/www.jula-atelier.com\/wp-content\/uploads\/2023\/04\/My-project-4-4-1024x1024.jpg","type":"image\/jpeg"}],"twitter_card":"summary_large_image","twitter_misc":{"Dur\u00e9e de lecture estim\u00e9e":"1 minute"},"schema":{"@context":"https:\/\/schema.org","@graph":[{"@type":"WebPage","@id":"https:\/\/www.jula-atelier.com\/index.php\/produit\/patchwork\/","url":"https:\/\/www.jula-atelier.com\/index.php\/produit\/patchwork\/","name":"Patchwork Vert - Jula Atelier","isPartOf":{"@id":"https:\/\/www.jula-atelier.com\/#website"},"datePublished":"2023-04-21T09:37:31+00:00","dateModified":"2023-06-29T10:36:55+00:00","description":"Tableau art textur\u00e9 | Patchwork | D\u00e9coration pour votre int\u00e9rieur","breadcrumb":{"@id":"https:\/\/www.jula-atelier.com\/index.php\/produit\/patchwork\/#breadcrumb"},"inLanguage":"fr-FR","potentialAction":[{"@type":"ReadAction","target":["https:\/\/www.jula-atelier.com\/index.php\/produit\/patchwork\/"]}]},{"@type":"BreadcrumbList","@id":"https:\/\/www.jula-atelier.com\/index.php\/produit\/patchwork\/#breadcrumb","itemListElement":[{"@type":"ListItem","position":1,"name":"Accueil","item":"https:\/\/www.jula-atelier.com\/"},{"@type":"ListItem","position":2,"name":"Boutique","item":"https:\/\/www.jula-atelier.com\/index.php\/boutique\/"},{"@type":"ListItem","position":3,"name":"Patchwork Vert"}]},{"@type":"WebSite","@id":"https:\/\/www.jula-atelier.com\/#website","url":"https:\/\/www.jula-atelier.com\/","name":"Jula Atelier","description":"Inspir\u00e9 de l&#039;ext\u00e9rieur pour d\u00e9corer votre int\u00e9rieur","publisher":{"@id":"https:\/\/www.jula-atelier.com\/#organization"},"potentialAction":[{"@type":"SearchAction","target":{"@type":"EntryPoint","urlTemplate":"https:\/\/www.jula-atelier.com\/?s={search_term_string}"},"query-input":"required name=search_term_string"}],"inLanguage":"fr-FR"},{"@type":"Organization","@id":"https:\/\/www.jula-atelier.com\/#organization","name":"Jula Atelier","url":"https:\/\/www.jula-atelier.com\/","logo":{"@type":"ImageObject","inLanguage":"fr-FR","@id":"https:\/\/www.jula-atelier.com\/#\/schema\/logo\/image\/","url":"https:\/\/www.jula-atelier.com\/wp-content\/uploads\/2023\/04\/cropped-My-project-copier-2.png","contentUrl":"https:\/\/www.jula-atelier.com\/wp-content\/uploads\/2023\/04\/cropped-My-project-copier-2.png","width":1080,"height":549,"caption":"Jula Atelier"},"image":{"@id":"https:\/\/www.jula-atelier.com\/#\/schema\/logo\/image\/"}}]}},"_links":{"self":[{"href":"https:\/\/www.jula-atelier.com\/index.php\/wp-json\/wp\/v2\/product\/137","targetHints":{"allow":["GET"]}}],"collection":[{"href":"https:\/\/www.jula-atelier.com\/index.php\/wp-json\/wp\/v2\/product"}],"about":[{"href":"https:\/\/www.jula-atelier.com\/index.php\/wp-json\/wp\/v2\/types\/product"}],"wp:featuredmedia":[{"embeddable":true,"href":"https:\/\/www.jula-atelier.com\/index.php\/wp-json\/wp\/v2\/media\/344"}],"wp:attachment":[{"href":"https:\/\/www.jula-atelier.com\/index.php\/wp-json\/wp\/v2\/media?parent=137"}],"wp:term":[{"taxonomy":"product_cat","embeddable":true,"href":"https:\/\/www.jula-atelier.com\/index.php\/wp-json\/wp\/v2\/product_cat?post=137"},{"taxonomy":"product_tag","embeddable":true,"href":"https:\/\/www.jula-atelier.com\/index.php\/wp-json\/wp\/v2\/product_tag?post=137"}],"curies":[{"name":"wp","href":"https:\/\/api.w.org\/{rel}","templated":true}]}}