{"id":288,"date":"2023-04-26T15:10:34","date_gmt":"2023-04-26T13:10:34","guid":{"rendered":"https:\/\/www.jula-atelier.com\/?page_id=288"},"modified":"2023-04-26T15:41:10","modified_gmt":"2023-04-26T13:41:10","slug":"manifeste","status":"publish","type":"page","link":"https:\/\/www.jula-atelier.com\/index.php\/manifeste\/","title":{"rendered":"Manifeste"},"content":{"rendered":"\n<div class=\"wp-block-cover alignfull is-light\" style=\"min-height:430px;aspect-ratio:unset;\"><span aria-hidden=\"true\" class=\"wp-block-cover__background has-background-dim-0 has-background-dim\"><\/span><img loading=\"lazy\" decoding=\"async\" width=\"1080\" height=\"1080\" class=\"wp-block-cover__image-background wp-image-290\" alt=\"\" src=\"http:\/\/www.jula-atelier.com\/wp-content\/uploads\/2023\/04\/carte-mantra-11-1.jpg\" style=\"object-position:62% 79%\" data-object-fit=\"cover\" data-object-position=\"62% 79%\" srcset=\"https:\/\/www.jula-atelier.com\/wp-content\/uploads\/2023\/04\/carte-mantra-11-1.jpg 1080w, https:\/\/www.jula-atelier.com\/wp-content\/uploads\/2023\/04\/carte-mantra-11-1-300x300.jpg 300w, https:\/\/www.jula-atelier.com\/wp-content\/uploads\/2023\/04\/carte-mantra-11-1-1024x1024.jpg 1024w, https:\/\/www.jula-atelier.com\/wp-content\/uploads\/2023\/04\/carte-mantra-11-1-150x150.jpg 150w, https:\/\/www.jula-atelier.com\/wp-content\/uploads\/2023\/04\/carte-mantra-11-1-768x768.jpg 768w, https:\/\/www.jula-atelier.com\/wp-content\/uploads\/2023\/04\/carte-mantra-11-1-600x600.jpg 600w, https:\/\/www.jula-atelier.com\/wp-content\/uploads\/2023\/04\/carte-mantra-11-1-100x100.jpg 100w\" sizes=\"auto, (max-width: 1080px) 100vw, 1080px\" \/><div class=\"wp-block-cover__inner-container is-layout-flow wp-block-cover-is-layout-flow\">\n<h2 class=\"wp-block-heading has-text-align-center has-ast-global-color-5-color has-text-color\" style=\"font-size:64px\">Manifeste<\/h2>\n<\/div><\/div>\n\n\n\n<div style=\"height:100px\" aria-hidden=\"true\" class=\"wp-block-spacer\"><\/div>\n\n\n\n<h2 class=\"wp-block-heading\">Etre imparfait<\/h2>\n\n\n\n<p>Les asp\u00e9rit\u00e9s que nous offre notre environnement regorgent de po\u00e9sie. Les mati\u00e8res, les textures, les couleurs, les nuances, se contemplent. Leur diversit\u00e9 est infinie et chaque d\u00e9tail imparfait devient un ensemble parfait. Jula atelier c&#8217;est l&#8217;envie de donner la part belle aux formes irr\u00e9guli\u00e8res et aux tonalit\u00e9s naturelles.<\/p>\n\n\n\n<h2 class=\"wp-block-heading\">Etre en harmonie<\/h2>\n\n\n\n<p>Avec la personnalisation, Jula Atelier repense la fa\u00e7on de d\u00e9corer son int\u00e9rieur. L&#8217;objet de d\u00e9coration devient une pi\u00e8ce unique imagin\u00e9e pour s&#8217;harmoniser au mieux avec votre int\u00e9rieur. <\/p>\n\n\n\n<h2 class=\"wp-block-heading\">Ralentir<\/h2>\n\n\n\n<p>La peinture, l&#8217;artisanat, l&#8217;art ont cette facult\u00e9 cathartique qui encourage \u00e0 la m\u00e9ditation, au silence. Jula Atelier c&#8217;est aussi cela, une invitation \u00e0 la contemplation, au calme.<\/p>\n\n\n\n<h2 class=\"wp-block-heading\">Cr\u00e9er en France<\/h2>\n\n\n\n<div style=\"height:100px\" aria-hidden=\"true\" class=\"wp-block-spacer\"><\/div>\n","protected":false},"excerpt":{"rendered":"<p>Etre imparfait Les asp\u00e9rit\u00e9s que nous offre notre environnement regorgent de po\u00e9sie. Les mati\u00e8res, les textures, les couleurs, les nuances, se contemplent. Leur diversit\u00e9 est infinie et chaque d\u00e9tail imparfait devient un ensemble parfait. Jula atelier c&#8217;est l&#8217;envie de donner la part belle aux formes irr\u00e9guli\u00e8res et aux tonalit\u00e9s naturelles. Etre en harmonie Avec la &hellip;<\/p>\n<p class=\"read-more\"> <a class=\"\" href=\"https:\/\/www.jula-atelier.com\/index.php\/manifeste\/\"> <span class=\"screen-reader-text\">Manifeste<\/span> Lire la suite\u00a0\u00bb<\/a><\/p>\n","protected":false},"author":1,"featured_media":0,"parent":0,"menu_order":0,"comment_status":"closed","ping_status":"closed","template":"","meta":{"om_disable_all_campaigns":false,"_monsterinsights_skip_tracking":false,"_monsterinsights_sitenote_active":false,"_monsterinsights_sitenote_note":"","_monsterinsights_sitenote_category":0,"site-sidebar-layout":"default","site-content-layout":"default","ast-global-header-display":"","ast-main-header-display":"","ast-hfb-above-header-display":"","ast-hfb-below-header-display":"","ast-hfb-mobile-header-display":"","site-post-title":"disabled","ast-breadcrumbs-content":"","ast-featured-img":"","footer-sml-layout":"","theme-transparent-header-meta":"","adv-header-id-meta":"","stick-header-meta":"","header-above-stick-meta":"","header-main-stick-meta":"","header-below-stick-meta":"","footnotes":""},"class_list":["post-288","page","type-page","status-publish","hentry"],"yoast_head":"<!-- This site is optimized with the Yoast SEO plugin v20.8 - https:\/\/yoast.com\/wordpress\/plugins\/seo\/ -->\n<title>Manifeste - Jula Atelier<\/title>\n<meta name=\"robots\" content=\"index, follow, max-snippet:-1, max-image-preview:large, max-video-preview:-1\" \/>\n<link rel=\"canonical\" href=\"https:\/\/www.jula-atelier.com\/index.php\/manifeste\/\" \/>\n<meta property=\"og:locale\" content=\"fr_FR\" \/>\n<meta property=\"og:type\" content=\"article\" \/>\n<meta property=\"og:title\" content=\"Manifeste - Jula Atelier\" \/>\n<meta property=\"og:description\" content=\"Etre imparfait Les asp\u00e9rit\u00e9s que nous offre notre environnement regorgent de po\u00e9sie. Les mati\u00e8res, les textures, les couleurs, les nuances, se contemplent. Leur diversit\u00e9 est infinie et chaque d\u00e9tail imparfait devient un ensemble parfait. Jula atelier c&#8217;est l&#8217;envie de donner la part belle aux formes irr\u00e9guli\u00e8res et aux tonalit\u00e9s naturelles. Etre en harmonie Avec la &hellip; Manifeste Lire la suite\u00a0\u00bb\" \/>\n<meta property=\"og:url\" content=\"https:\/\/www.jula-atelier.com\/index.php\/manifeste\/\" \/>\n<meta property=\"og:site_name\" content=\"Jula Atelier\" \/>\n<meta property=\"article:modified_time\" content=\"2023-04-26T13:41:10+00:00\" \/>\n<meta property=\"og:image\" content=\"http:\/\/www.jula-atelier.com\/wp-content\/uploads\/2023\/04\/carte-mantra-11-1.jpg\" \/>\n<meta name=\"twitter:card\" content=\"summary_large_image\" \/>\n<meta name=\"twitter:label1\" content=\"Dur\u00e9e de lecture estim\u00e9e\" \/>\n\t<meta name=\"twitter:data1\" content=\"1 minute\" \/>\n<script type=\"application\/ld+json\" class=\"yoast-schema-graph\">{\"@context\":\"https:\/\/schema.org\",\"@graph\":[{\"@type\":\"WebPage\",\"@id\":\"https:\/\/www.jula-atelier.com\/index.php\/manifeste\/\",\"url\":\"https:\/\/www.jula-atelier.com\/index.php\/manifeste\/\",\"name\":\"Manifeste - Jula Atelier\",\"isPartOf\":{\"@id\":\"https:\/\/www.jula-atelier.com\/#website\"},\"datePublished\":\"2023-04-26T13:10:34+00:00\",\"dateModified\":\"2023-04-26T13:41:10+00:00\",\"breadcrumb\":{\"@id\":\"https:\/\/www.jula-atelier.com\/index.php\/manifeste\/#breadcrumb\"},\"inLanguage\":\"fr-FR\",\"potentialAction\":[{\"@type\":\"ReadAction\",\"target\":[\"https:\/\/www.jula-atelier.com\/index.php\/manifeste\/\"]}]},{\"@type\":\"BreadcrumbList\",\"@id\":\"https:\/\/www.jula-atelier.com\/index.php\/manifeste\/#breadcrumb\",\"itemListElement\":[{\"@type\":\"ListItem\",\"position\":1,\"name\":\"Accueil\",\"item\":\"https:\/\/www.jula-atelier.com\/\"},{\"@type\":\"ListItem\",\"position\":2,\"name\":\"Manifeste\"}]},{\"@type\":\"WebSite\",\"@id\":\"https:\/\/www.jula-atelier.com\/#website\",\"url\":\"https:\/\/www.jula-atelier.com\/\",\"name\":\"Jula Atelier\",\"description\":\"Inspir\u00e9 de l&#039;ext\u00e9rieur pour d\u00e9corer votre int\u00e9rieur\",\"publisher\":{\"@id\":\"https:\/\/www.jula-atelier.com\/#organization\"},\"potentialAction\":[{\"@type\":\"SearchAction\",\"target\":{\"@type\":\"EntryPoint\",\"urlTemplate\":\"https:\/\/www.jula-atelier.com\/?s={search_term_string}\"},\"query-input\":\"required name=search_term_string\"}],\"inLanguage\":\"fr-FR\"},{\"@type\":\"Organization\",\"@id\":\"https:\/\/www.jula-atelier.com\/#organization\",\"name\":\"Jula Atelier\",\"url\":\"https:\/\/www.jula-atelier.com\/\",\"logo\":{\"@type\":\"ImageObject\",\"inLanguage\":\"fr-FR\",\"@id\":\"https:\/\/www.jula-atelier.com\/#\/schema\/logo\/image\/\",\"url\":\"https:\/\/www.jula-atelier.com\/wp-content\/uploads\/2023\/04\/cropped-My-project-copier-2.png\",\"contentUrl\":\"https:\/\/www.jula-atelier.com\/wp-content\/uploads\/2023\/04\/cropped-My-project-copier-2.png\",\"width\":1080,\"height\":549,\"caption\":\"Jula Atelier\"},\"image\":{\"@id\":\"https:\/\/www.jula-atelier.com\/#\/schema\/logo\/image\/\"}}]}<\/script>\n<!-- \/ Yoast SEO plugin. -->","yoast_head_json":{"title":"Manifeste - Jula Atelier","robots":{"index":"index","follow":"follow","max-snippet":"max-snippet:-1","max-image-preview":"max-image-preview:large","max-video-preview":"max-video-preview:-1"},"canonical":"https:\/\/www.jula-atelier.com\/index.php\/manifeste\/","og_locale":"fr_FR","og_type":"article","og_title":"Manifeste - Jula Atelier","og_description":"Etre imparfait Les asp\u00e9rit\u00e9s que nous offre notre environnement regorgent de po\u00e9sie. Les mati\u00e8res, les textures, les couleurs, les nuances, se contemplent. Leur diversit\u00e9 est infinie et chaque d\u00e9tail imparfait devient un ensemble parfait. Jula atelier c&#8217;est l&#8217;envie de donner la part belle aux formes irr\u00e9guli\u00e8res et aux tonalit\u00e9s naturelles. Etre en harmonie Avec la &hellip; Manifeste Lire la suite\u00a0\u00bb","og_url":"https:\/\/www.jula-atelier.com\/index.php\/manifeste\/","og_site_name":"Jula Atelier","article_modified_time":"2023-04-26T13:41:10+00:00","og_image":[{"url":"http:\/\/www.jula-atelier.com\/wp-content\/uploads\/2023\/04\/carte-mantra-11-1.jpg"}],"twitter_card":"summary_large_image","twitter_misc":{"Dur\u00e9e de lecture estim\u00e9e":"1 minute"},"schema":{"@context":"https:\/\/schema.org","@graph":[{"@type":"WebPage","@id":"https:\/\/www.jula-atelier.com\/index.php\/manifeste\/","url":"https:\/\/www.jula-atelier.com\/index.php\/manifeste\/","name":"Manifeste - Jula Atelier","isPartOf":{"@id":"https:\/\/www.jula-atelier.com\/#website"},"datePublished":"2023-04-26T13:10:34+00:00","dateModified":"2023-04-26T13:41:10+00:00","breadcrumb":{"@id":"https:\/\/www.jula-atelier.com\/index.php\/manifeste\/#breadcrumb"},"inLanguage":"fr-FR","potentialAction":[{"@type":"ReadAction","target":["https:\/\/www.jula-atelier.com\/index.php\/manifeste\/"]}]},{"@type":"BreadcrumbList","@id":"https:\/\/www.jula-atelier.com\/index.php\/manifeste\/#breadcrumb","itemListElement":[{"@type":"ListItem","position":1,"name":"Accueil","item":"https:\/\/www.jula-atelier.com\/"},{"@type":"ListItem","position":2,"name":"Manifeste"}]},{"@type":"WebSite","@id":"https:\/\/www.jula-atelier.com\/#website","url":"https:\/\/www.jula-atelier.com\/","name":"Jula Atelier","description":"Inspir\u00e9 de l&#039;ext\u00e9rieur pour d\u00e9corer votre int\u00e9rieur","publisher":{"@id":"https:\/\/www.jula-atelier.com\/#organization"},"potentialAction":[{"@type":"SearchAction","target":{"@type":"EntryPoint","urlTemplate":"https:\/\/www.jula-atelier.com\/?s={search_term_string}"},"query-input":"required name=search_term_string"}],"inLanguage":"fr-FR"},{"@type":"Organization","@id":"https:\/\/www.jula-atelier.com\/#organization","name":"Jula Atelier","url":"https:\/\/www.jula-atelier.com\/","logo":{"@type":"ImageObject","inLanguage":"fr-FR","@id":"https:\/\/www.jula-atelier.com\/#\/schema\/logo\/image\/","url":"https:\/\/www.jula-atelier.com\/wp-content\/uploads\/2023\/04\/cropped-My-project-copier-2.png","contentUrl":"https:\/\/www.jula-atelier.com\/wp-content\/uploads\/2023\/04\/cropped-My-project-copier-2.png","width":1080,"height":549,"caption":"Jula Atelier"},"image":{"@id":"https:\/\/www.jula-atelier.com\/#\/schema\/logo\/image\/"}}]}},"_links":{"self":[{"href":"https:\/\/www.jula-atelier.com\/index.php\/wp-json\/wp\/v2\/pages\/288","targetHints":{"allow":["GET"]}}],"collection":[{"href":"https:\/\/www.jula-atelier.com\/index.php\/wp-json\/wp\/v2\/pages"}],"about":[{"href":"https:\/\/www.jula-atelier.com\/index.php\/wp-json\/wp\/v2\/types\/page"}],"author":[{"embeddable":true,"href":"https:\/\/www.jula-atelier.com\/index.php\/wp-json\/wp\/v2\/users\/1"}],"replies":[{"embeddable":true,"href":"https:\/\/www.jula-atelier.com\/index.php\/wp-json\/wp\/v2\/comments?post=288"}],"version-history":[{"count":5,"href":"https:\/\/www.jula-atelier.com\/index.php\/wp-json\/wp\/v2\/pages\/288\/revisions"}],"predecessor-version":[{"id":302,"href":"https:\/\/www.jula-atelier.com\/index.php\/wp-json\/wp\/v2\/pages\/288\/revisions\/302"}],"wp:attachment":[{"href":"https:\/\/www.jula-atelier.com\/index.php\/wp-json\/wp\/v2\/media?parent=288"}],"curies":[{"name":"wp","href":"https:\/\/api.w.org\/{rel}","templated":true}]}}