{"id":117,"date":"2023-04-21T10:53:37","date_gmt":"2023-04-21T08:53:37","guid":{"rendered":"https:\/\/www.jula-atelier.com\/?page_id=117"},"modified":"2023-04-21T11:21:39","modified_gmt":"2023-04-21T09:21:39","slug":"contact","status":"publish","type":"page","link":"https:\/\/www.jula-atelier.com\/index.php\/contact\/","title":{"rendered":"Contact"},"content":{"rendered":"\n<div style=\"height:100px\" aria-hidden=\"true\" class=\"wp-block-spacer\"><\/div>\n\n\n\n<h2 class=\"wp-block-heading has-white-background-color has-background\">Contact<\/h2>\n\n\n\n<p class=\"has-text-align-left has-ast-global-color-5-background-color has-background\">Une suggestion, une question ? Ecrivez-nous, nous ferons tout notre possible pour vos r\u00e9pondre dans les meilleurs d\u00e9lais.<\/p>\n\n\n<div class=\"wp-block-jetpack-contact-form\"><a href=\"https:\/\/www.jula-atelier.com\/index.php\/contact\/\" target=\"_blank\" rel=\"noopener noreferrer\">Soumettre un formulaire.<\/a><\/div>","protected":false},"excerpt":{"rendered":"<p>Contact Une suggestion, une question ? Ecrivez-nous, nous ferons tout notre possible pour vos r\u00e9pondre dans les meilleurs d\u00e9lais.<\/p>\n","protected":false},"author":1,"featured_media":0,"parent":0,"menu_order":0,"comment_status":"closed","ping_status":"closed","template":"","meta":{"om_disable_all_campaigns":false,"_monsterinsights_skip_tracking":false,"_monsterinsights_sitenote_active":false,"_monsterinsights_sitenote_note":"","_monsterinsights_sitenote_category":0,"site-sidebar-layout":"default","site-content-layout":"default","ast-global-header-display":"","ast-main-header-display":"","ast-hfb-above-header-display":"","ast-hfb-below-header-display":"","ast-hfb-mobile-header-display":"","site-post-title":"disabled","ast-breadcrumbs-content":"","ast-featured-img":"","footer-sml-layout":"","theme-transparent-header-meta":"","adv-header-id-meta":"","stick-header-meta":"","header-above-stick-meta":"","header-main-stick-meta":"","header-below-stick-meta":"","footnotes":""},"class_list":["post-117","page","type-page","status-publish","hentry"],"yoast_head":"<!-- This site is optimized with the Yoast SEO plugin v20.8 - https:\/\/yoast.com\/wordpress\/plugins\/seo\/ -->\n<title>Contact - Jula Atelier<\/title>\n<meta name=\"robots\" content=\"index, follow, max-snippet:-1, max-image-preview:large, max-video-preview:-1\" \/>\n<link rel=\"canonical\" href=\"https:\/\/www.jula-atelier.com\/index.php\/contact\/\" \/>\n<meta property=\"og:locale\" content=\"fr_FR\" \/>\n<meta property=\"og:type\" content=\"article\" \/>\n<meta property=\"og:title\" content=\"Contact - Jula Atelier\" \/>\n<meta property=\"og:description\" content=\"Contact Une suggestion, une question ? Ecrivez-nous, nous ferons tout notre possible pour vos r\u00e9pondre dans les meilleurs d\u00e9lais.\" \/>\n<meta property=\"og:url\" content=\"https:\/\/www.jula-atelier.com\/index.php\/contact\/\" \/>\n<meta property=\"og:site_name\" content=\"Jula Atelier\" \/>\n<meta property=\"article:modified_time\" content=\"2023-04-21T09:21:39+00:00\" \/>\n<meta name=\"twitter:card\" content=\"summary_large_image\" \/>\n<meta name=\"twitter:label1\" content=\"Dur\u00e9e de lecture estim\u00e9e\" \/>\n\t<meta name=\"twitter:data1\" content=\"1 minute\" \/>\n<script type=\"application\/ld+json\" class=\"yoast-schema-graph\">{\"@context\":\"https:\/\/schema.org\",\"@graph\":[{\"@type\":\"WebPage\",\"@id\":\"https:\/\/www.jula-atelier.com\/index.php\/contact\/\",\"url\":\"https:\/\/www.jula-atelier.com\/index.php\/contact\/\",\"name\":\"Contact - Jula Atelier\",\"isPartOf\":{\"@id\":\"https:\/\/www.jula-atelier.com\/#website\"},\"datePublished\":\"2023-04-21T08:53:37+00:00\",\"dateModified\":\"2023-04-21T09:21:39+00:00\",\"breadcrumb\":{\"@id\":\"https:\/\/www.jula-atelier.com\/index.php\/contact\/#breadcrumb\"},\"inLanguage\":\"fr-FR\",\"potentialAction\":[{\"@type\":\"ReadAction\",\"target\":[\"https:\/\/www.jula-atelier.com\/index.php\/contact\/\"]}]},{\"@type\":\"BreadcrumbList\",\"@id\":\"https:\/\/www.jula-atelier.com\/index.php\/contact\/#breadcrumb\",\"itemListElement\":[{\"@type\":\"ListItem\",\"position\":1,\"name\":\"Accueil\",\"item\":\"https:\/\/www.jula-atelier.com\/\"},{\"@type\":\"ListItem\",\"position\":2,\"name\":\"Contact\"}]},{\"@type\":\"WebSite\",\"@id\":\"https:\/\/www.jula-atelier.com\/#website\",\"url\":\"https:\/\/www.jula-atelier.com\/\",\"name\":\"Jula Atelier\",\"description\":\"Inspir\u00e9 de l&#039;ext\u00e9rieur pour d\u00e9corer votre int\u00e9rieur\",\"publisher\":{\"@id\":\"https:\/\/www.jula-atelier.com\/#organization\"},\"potentialAction\":[{\"@type\":\"SearchAction\",\"target\":{\"@type\":\"EntryPoint\",\"urlTemplate\":\"https:\/\/www.jula-atelier.com\/?s={search_term_string}\"},\"query-input\":\"required name=search_term_string\"}],\"inLanguage\":\"fr-FR\"},{\"@type\":\"Organization\",\"@id\":\"https:\/\/www.jula-atelier.com\/#organization\",\"name\":\"Jula Atelier\",\"url\":\"https:\/\/www.jula-atelier.com\/\",\"logo\":{\"@type\":\"ImageObject\",\"inLanguage\":\"fr-FR\",\"@id\":\"https:\/\/www.jula-atelier.com\/#\/schema\/logo\/image\/\",\"url\":\"https:\/\/www.jula-atelier.com\/wp-content\/uploads\/2023\/04\/cropped-My-project-copier-2.png\",\"contentUrl\":\"https:\/\/www.jula-atelier.com\/wp-content\/uploads\/2023\/04\/cropped-My-project-copier-2.png\",\"width\":1080,\"height\":549,\"caption\":\"Jula Atelier\"},\"image\":{\"@id\":\"https:\/\/www.jula-atelier.com\/#\/schema\/logo\/image\/\"}}]}<\/script>\n<!-- \/ Yoast SEO plugin. -->","yoast_head_json":{"title":"Contact - Jula Atelier","robots":{"index":"index","follow":"follow","max-snippet":"max-snippet:-1","max-image-preview":"max-image-preview:large","max-video-preview":"max-video-preview:-1"},"canonical":"https:\/\/www.jula-atelier.com\/index.php\/contact\/","og_locale":"fr_FR","og_type":"article","og_title":"Contact - Jula Atelier","og_description":"Contact Une suggestion, une question ? Ecrivez-nous, nous ferons tout notre possible pour vos r\u00e9pondre dans les meilleurs d\u00e9lais.","og_url":"https:\/\/www.jula-atelier.com\/index.php\/contact\/","og_site_name":"Jula Atelier","article_modified_time":"2023-04-21T09:21:39+00:00","twitter_card":"summary_large_image","twitter_misc":{"Dur\u00e9e de lecture estim\u00e9e":"1 minute"},"schema":{"@context":"https:\/\/schema.org","@graph":[{"@type":"WebPage","@id":"https:\/\/www.jula-atelier.com\/index.php\/contact\/","url":"https:\/\/www.jula-atelier.com\/index.php\/contact\/","name":"Contact - Jula Atelier","isPartOf":{"@id":"https:\/\/www.jula-atelier.com\/#website"},"datePublished":"2023-04-21T08:53:37+00:00","dateModified":"2023-04-21T09:21:39+00:00","breadcrumb":{"@id":"https:\/\/www.jula-atelier.com\/index.php\/contact\/#breadcrumb"},"inLanguage":"fr-FR","potentialAction":[{"@type":"ReadAction","target":["https:\/\/www.jula-atelier.com\/index.php\/contact\/"]}]},{"@type":"BreadcrumbList","@id":"https:\/\/www.jula-atelier.com\/index.php\/contact\/#breadcrumb","itemListElement":[{"@type":"ListItem","position":1,"name":"Accueil","item":"https:\/\/www.jula-atelier.com\/"},{"@type":"ListItem","position":2,"name":"Contact"}]},{"@type":"WebSite","@id":"https:\/\/www.jula-atelier.com\/#website","url":"https:\/\/www.jula-atelier.com\/","name":"Jula Atelier","description":"Inspir\u00e9 de l&#039;ext\u00e9rieur pour d\u00e9corer votre int\u00e9rieur","publisher":{"@id":"https:\/\/www.jula-atelier.com\/#organization"},"potentialAction":[{"@type":"SearchAction","target":{"@type":"EntryPoint","urlTemplate":"https:\/\/www.jula-atelier.com\/?s={search_term_string}"},"query-input":"required name=search_term_string"}],"inLanguage":"fr-FR"},{"@type":"Organization","@id":"https:\/\/www.jula-atelier.com\/#organization","name":"Jula Atelier","url":"https:\/\/www.jula-atelier.com\/","logo":{"@type":"ImageObject","inLanguage":"fr-FR","@id":"https:\/\/www.jula-atelier.com\/#\/schema\/logo\/image\/","url":"https:\/\/www.jula-atelier.com\/wp-content\/uploads\/2023\/04\/cropped-My-project-copier-2.png","contentUrl":"https:\/\/www.jula-atelier.com\/wp-content\/uploads\/2023\/04\/cropped-My-project-copier-2.png","width":1080,"height":549,"caption":"Jula Atelier"},"image":{"@id":"https:\/\/www.jula-atelier.com\/#\/schema\/logo\/image\/"}}]}},"_links":{"self":[{"href":"https:\/\/www.jula-atelier.com\/index.php\/wp-json\/wp\/v2\/pages\/117","targetHints":{"allow":["GET"]}}],"collection":[{"href":"https:\/\/www.jula-atelier.com\/index.php\/wp-json\/wp\/v2\/pages"}],"about":[{"href":"https:\/\/www.jula-atelier.com\/index.php\/wp-json\/wp\/v2\/types\/page"}],"author":[{"embeddable":true,"href":"https:\/\/www.jula-atelier.com\/index.php\/wp-json\/wp\/v2\/users\/1"}],"replies":[{"embeddable":true,"href":"https:\/\/www.jula-atelier.com\/index.php\/wp-json\/wp\/v2\/comments?post=117"}],"version-history":[{"count":3,"href":"https:\/\/www.jula-atelier.com\/index.php\/wp-json\/wp\/v2\/pages\/117\/revisions"}],"predecessor-version":[{"id":133,"href":"https:\/\/www.jula-atelier.com\/index.php\/wp-json\/wp\/v2\/pages\/117\/revisions\/133"}],"wp:attachment":[{"href":"https:\/\/www.jula-atelier.com\/index.php\/wp-json\/wp\/v2\/media?parent=117"}],"curies":[{"name":"wp","href":"https:\/\/api.w.org\/{rel}","templated":true}]}}