{"id":111,"date":"2023-04-21T10:48:00","date_gmt":"2023-04-21T08:48:00","guid":{"rendered":"https:\/\/www.jula-atelier.com\/?page_id=111"},"modified":"2023-04-21T10:53:25","modified_gmt":"2023-04-21T08:53:25","slug":"magasins","status":"publish","type":"page","link":"https:\/\/www.jula-atelier.com\/index.php\/magasins\/","title":{"rendered":"Magasins"},"content":{"rendered":"\n<div style=\"height:100px\" aria-hidden=\"true\" class=\"wp-block-spacer\"><\/div>\n\n\n\n<h2 class=\"wp-block-heading\">O\u00f9 nous trouver ?<\/h2>\n\n\n\n<div class=\"wp-block-media-text is-stacked-on-mobile\" style=\"grid-template-columns:15% auto\"><figure class=\"wp-block-media-text__media\"><img loading=\"lazy\" decoding=\"async\" width=\"225\" height=\"225\" src=\"https:\/\/www.jula-atelier.com\/wp-content\/uploads\/2023\/04\/telechargement.jpg\" alt=\"\" class=\"wp-image-112 size-full\" srcset=\"https:\/\/www.jula-atelier.com\/wp-content\/uploads\/2023\/04\/telechargement.jpg 225w, https:\/\/www.jula-atelier.com\/wp-content\/uploads\/2023\/04\/telechargement-150x150.jpg 150w, https:\/\/www.jula-atelier.com\/wp-content\/uploads\/2023\/04\/telechargement-100x100.jpg 100w\" sizes=\"auto, (max-width: 225px) 100vw, 225px\" \/><\/figure><div class=\"wp-block-media-text__content\">\n<h3 class=\"wp-block-heading\">Maison Moon<\/h3>\n\n\n\n<p>2 Rue de Verdun, 92600 Asni\u00e8res-sur-Seine<\/p>\n\n\n\n<p><a href=\"https:\/\/maison-moon.fr\/\">https:\/\/maison-moon.fr<\/a><\/p>\n<\/div><\/div>\n","protected":false},"excerpt":{"rendered":"<p>O\u00f9 nous trouver ? Maison Moon 2 Rue de Verdun, 92600 Asni\u00e8res-sur-Seine https:\/\/maison-moon.fr<\/p>\n","protected":false},"author":1,"featured_media":0,"parent":0,"menu_order":0,"comment_status":"closed","ping_status":"closed","template":"","meta":{"om_disable_all_campaigns":false,"_monsterinsights_skip_tracking":false,"_monsterinsights_sitenote_active":false,"_monsterinsights_sitenote_note":"","_monsterinsights_sitenote_category":0,"site-sidebar-layout":"default","site-content-layout":"default","ast-global-header-display":"","ast-main-header-display":"","ast-hfb-above-header-display":"","ast-hfb-below-header-display":"","ast-hfb-mobile-header-display":"","site-post-title":"disabled","ast-breadcrumbs-content":"","ast-featured-img":"","footer-sml-layout":"","theme-transparent-header-meta":"","adv-header-id-meta":"","stick-header-meta":"","header-above-stick-meta":"","header-main-stick-meta":"","header-below-stick-meta":"","footnotes":""},"class_list":["post-111","page","type-page","status-publish","hentry"],"yoast_head":"<!-- This site is optimized with the Yoast SEO plugin v20.8 - https:\/\/yoast.com\/wordpress\/plugins\/seo\/ -->\n<title>Magasins - Jula Atelier<\/title>\n<meta name=\"robots\" content=\"index, follow, max-snippet:-1, max-image-preview:large, max-video-preview:-1\" \/>\n<link rel=\"canonical\" href=\"https:\/\/www.jula-atelier.com\/index.php\/magasins\/\" \/>\n<meta property=\"og:locale\" content=\"fr_FR\" \/>\n<meta property=\"og:type\" content=\"article\" \/>\n<meta property=\"og:title\" content=\"Magasins - Jula Atelier\" \/>\n<meta property=\"og:description\" content=\"O\u00f9 nous trouver ? Maison Moon 2 Rue de Verdun, 92600 Asni\u00e8res-sur-Seine https:\/\/maison-moon.fr\" \/>\n<meta property=\"og:url\" content=\"https:\/\/www.jula-atelier.com\/index.php\/magasins\/\" \/>\n<meta property=\"og:site_name\" content=\"Jula Atelier\" \/>\n<meta property=\"article:modified_time\" content=\"2023-04-21T08:53:25+00:00\" \/>\n<meta property=\"og:image\" content=\"https:\/\/www.jula-atelier.com\/wp-content\/uploads\/2023\/04\/telechargement.jpg\" \/>\n<meta name=\"twitter:card\" content=\"summary_large_image\" \/>\n<meta name=\"twitter:label1\" content=\"Dur\u00e9e de lecture estim\u00e9e\" \/>\n\t<meta name=\"twitter:data1\" content=\"1 minute\" \/>\n<script type=\"application\/ld+json\" class=\"yoast-schema-graph\">{\"@context\":\"https:\/\/schema.org\",\"@graph\":[{\"@type\":\"WebPage\",\"@id\":\"https:\/\/www.jula-atelier.com\/index.php\/magasins\/\",\"url\":\"https:\/\/www.jula-atelier.com\/index.php\/magasins\/\",\"name\":\"Magasins - Jula Atelier\",\"isPartOf\":{\"@id\":\"https:\/\/www.jula-atelier.com\/#website\"},\"datePublished\":\"2023-04-21T08:48:00+00:00\",\"dateModified\":\"2023-04-21T08:53:25+00:00\",\"breadcrumb\":{\"@id\":\"https:\/\/www.jula-atelier.com\/index.php\/magasins\/#breadcrumb\"},\"inLanguage\":\"fr-FR\",\"potentialAction\":[{\"@type\":\"ReadAction\",\"target\":[\"https:\/\/www.jula-atelier.com\/index.php\/magasins\/\"]}]},{\"@type\":\"BreadcrumbList\",\"@id\":\"https:\/\/www.jula-atelier.com\/index.php\/magasins\/#breadcrumb\",\"itemListElement\":[{\"@type\":\"ListItem\",\"position\":1,\"name\":\"Accueil\",\"item\":\"https:\/\/www.jula-atelier.com\/\"},{\"@type\":\"ListItem\",\"position\":2,\"name\":\"Magasins\"}]},{\"@type\":\"WebSite\",\"@id\":\"https:\/\/www.jula-atelier.com\/#website\",\"url\":\"https:\/\/www.jula-atelier.com\/\",\"name\":\"Jula Atelier\",\"description\":\"Inspir\u00e9 de l&#039;ext\u00e9rieur pour d\u00e9corer votre int\u00e9rieur\",\"publisher\":{\"@id\":\"https:\/\/www.jula-atelier.com\/#organization\"},\"potentialAction\":[{\"@type\":\"SearchAction\",\"target\":{\"@type\":\"EntryPoint\",\"urlTemplate\":\"https:\/\/www.jula-atelier.com\/?s={search_term_string}\"},\"query-input\":\"required name=search_term_string\"}],\"inLanguage\":\"fr-FR\"},{\"@type\":\"Organization\",\"@id\":\"https:\/\/www.jula-atelier.com\/#organization\",\"name\":\"Jula Atelier\",\"url\":\"https:\/\/www.jula-atelier.com\/\",\"logo\":{\"@type\":\"ImageObject\",\"inLanguage\":\"fr-FR\",\"@id\":\"https:\/\/www.jula-atelier.com\/#\/schema\/logo\/image\/\",\"url\":\"https:\/\/www.jula-atelier.com\/wp-content\/uploads\/2023\/04\/cropped-My-project-copier-2.png\",\"contentUrl\":\"https:\/\/www.jula-atelier.com\/wp-content\/uploads\/2023\/04\/cropped-My-project-copier-2.png\",\"width\":1080,\"height\":549,\"caption\":\"Jula Atelier\"},\"image\":{\"@id\":\"https:\/\/www.jula-atelier.com\/#\/schema\/logo\/image\/\"}}]}<\/script>\n<!-- \/ Yoast SEO plugin. -->","yoast_head_json":{"title":"Magasins - Jula Atelier","robots":{"index":"index","follow":"follow","max-snippet":"max-snippet:-1","max-image-preview":"max-image-preview:large","max-video-preview":"max-video-preview:-1"},"canonical":"https:\/\/www.jula-atelier.com\/index.php\/magasins\/","og_locale":"fr_FR","og_type":"article","og_title":"Magasins - Jula Atelier","og_description":"O\u00f9 nous trouver ? Maison Moon 2 Rue de Verdun, 92600 Asni\u00e8res-sur-Seine https:\/\/maison-moon.fr","og_url":"https:\/\/www.jula-atelier.com\/index.php\/magasins\/","og_site_name":"Jula Atelier","article_modified_time":"2023-04-21T08:53:25+00:00","og_image":[{"url":"https:\/\/www.jula-atelier.com\/wp-content\/uploads\/2023\/04\/telechargement.jpg"}],"twitter_card":"summary_large_image","twitter_misc":{"Dur\u00e9e de lecture estim\u00e9e":"1 minute"},"schema":{"@context":"https:\/\/schema.org","@graph":[{"@type":"WebPage","@id":"https:\/\/www.jula-atelier.com\/index.php\/magasins\/","url":"https:\/\/www.jula-atelier.com\/index.php\/magasins\/","name":"Magasins - Jula Atelier","isPartOf":{"@id":"https:\/\/www.jula-atelier.com\/#website"},"datePublished":"2023-04-21T08:48:00+00:00","dateModified":"2023-04-21T08:53:25+00:00","breadcrumb":{"@id":"https:\/\/www.jula-atelier.com\/index.php\/magasins\/#breadcrumb"},"inLanguage":"fr-FR","potentialAction":[{"@type":"ReadAction","target":["https:\/\/www.jula-atelier.com\/index.php\/magasins\/"]}]},{"@type":"BreadcrumbList","@id":"https:\/\/www.jula-atelier.com\/index.php\/magasins\/#breadcrumb","itemListElement":[{"@type":"ListItem","position":1,"name":"Accueil","item":"https:\/\/www.jula-atelier.com\/"},{"@type":"ListItem","position":2,"name":"Magasins"}]},{"@type":"WebSite","@id":"https:\/\/www.jula-atelier.com\/#website","url":"https:\/\/www.jula-atelier.com\/","name":"Jula Atelier","description":"Inspir\u00e9 de l&#039;ext\u00e9rieur pour d\u00e9corer votre int\u00e9rieur","publisher":{"@id":"https:\/\/www.jula-atelier.com\/#organization"},"potentialAction":[{"@type":"SearchAction","target":{"@type":"EntryPoint","urlTemplate":"https:\/\/www.jula-atelier.com\/?s={search_term_string}"},"query-input":"required name=search_term_string"}],"inLanguage":"fr-FR"},{"@type":"Organization","@id":"https:\/\/www.jula-atelier.com\/#organization","name":"Jula Atelier","url":"https:\/\/www.jula-atelier.com\/","logo":{"@type":"ImageObject","inLanguage":"fr-FR","@id":"https:\/\/www.jula-atelier.com\/#\/schema\/logo\/image\/","url":"https:\/\/www.jula-atelier.com\/wp-content\/uploads\/2023\/04\/cropped-My-project-copier-2.png","contentUrl":"https:\/\/www.jula-atelier.com\/wp-content\/uploads\/2023\/04\/cropped-My-project-copier-2.png","width":1080,"height":549,"caption":"Jula Atelier"},"image":{"@id":"https:\/\/www.jula-atelier.com\/#\/schema\/logo\/image\/"}}]}},"_links":{"self":[{"href":"https:\/\/www.jula-atelier.com\/index.php\/wp-json\/wp\/v2\/pages\/111","targetHints":{"allow":["GET"]}}],"collection":[{"href":"https:\/\/www.jula-atelier.com\/index.php\/wp-json\/wp\/v2\/pages"}],"about":[{"href":"https:\/\/www.jula-atelier.com\/index.php\/wp-json\/wp\/v2\/types\/page"}],"author":[{"embeddable":true,"href":"https:\/\/www.jula-atelier.com\/index.php\/wp-json\/wp\/v2\/users\/1"}],"replies":[{"embeddable":true,"href":"https:\/\/www.jula-atelier.com\/index.php\/wp-json\/wp\/v2\/comments?post=111"}],"version-history":[{"count":2,"href":"https:\/\/www.jula-atelier.com\/index.php\/wp-json\/wp\/v2\/pages\/111\/revisions"}],"predecessor-version":[{"id":116,"href":"https:\/\/www.jula-atelier.com\/index.php\/wp-json\/wp\/v2\/pages\/111\/revisions\/116"}],"wp:attachment":[{"href":"https:\/\/www.jula-atelier.com\/index.php\/wp-json\/wp\/v2\/media?parent=111"}],"curies":[{"name":"wp","href":"https:\/\/api.w.org\/{rel}","templated":true}]}}